{"id":214,"date":"2022-03-01T10:00:19","date_gmt":"2022-03-01T10:00:19","guid":{"rendered":"https:\/\/flameoffrith.org\/?page_id=214"},"modified":"2022-04-04T12:50:23","modified_gmt":"2022-04-04T11:50:23","slug":"prayer-for-peace","status":"publish","type":"page","link":"https:\/\/flameoffrith.org\/index.php\/prayers\/prayer-for-peace\/","title":{"rendered":"PRAYER FOR PEACE"},"content":{"rendered":"\n<p class=\"has-text-align-right\">\u00a9 Frigga Asraaf 2022<\/p>\n\n\n\n<p>We call ancient kith and kin<br>of the many traditions and world-views,<br>of the many beliefs and movements<br>on this fine earth:<\/p>\n\n\n\n<p>Work together with us, your descendants,<br>so that we and our future generations<br>may live in freedom, safety and frith.<\/p>\n\n\n\n<p>Embrace all those who suffer from war, violence,<br>persecution and\/or domination by a foreign nation<br>in their pain and despair, their fear and loss,<br>their hunger and loneliness, their fight or flee.<\/p>\n\n\n\n<p>Embrace the lands and all animals!<\/p>\n\n\n\n<p>May our heartfelt plea for peace,<br>freedom and safety be heard.<\/p>\n\n\n\n<p>Today we nourish<br>the flame of frith!<br>Today we nourish<br>the flame of tolerance!<br>Today we nourish<br>the flame of solidarity!<\/p>\n\n\n\n<p>Flame of frith rush further and forth:<br>free and joyful, forceful and bright.<\/p>\n\n\n\n<p>Flame of frith rush further and forth:<br>feed fondness and unite,<br>rekindle awareness and understanding.<\/p>\n\n\n\n<p>Flame of frith rush further and forth:<br>through waters wide,<br>through fields and nature free,<br>deep down the earth, high in the sky.<\/p>\n\n\n\n<p>We are weaving a mighty web!<br>We design a pattern of peace!<br>We tell our tales of times to come!<br>We feed the Flame of Frith.<br>We feed all peaceful forces.<br>May it open many hearts and minds<br>May it build bridges between peoples.<\/p>\n\n\n\n<figure class=\"wp-block-image size-full is-resized\"><img data-recalc-dims=\"1\" loading=\"lazy\" decoding=\"async\" src=\"https:\/\/i0.wp.com\/flameoffrith.org\/wp-content\/uploads\/2022\/03\/hands.png?resize=176%2C176&#038;ssl=1\" alt=\"\" class=\"wp-image-215\" width=\"176\" height=\"176\" srcset=\"https:\/\/i0.wp.com\/flameoffrith.org\/wp-content\/uploads\/2022\/03\/hands.png?w=705&amp;ssl=1 705w, https:\/\/i0.wp.com\/flameoffrith.org\/wp-content\/uploads\/2022\/03\/hands.png?resize=300%2C300&amp;ssl=1 300w, https:\/\/i0.wp.com\/flameoffrith.org\/wp-content\/uploads\/2022\/03\/hands.png?resize=150%2C150&amp;ssl=1 150w, https:\/\/i0.wp.com\/flameoffrith.org\/wp-content\/uploads\/2022\/03\/hands.png?resize=200%2C200&amp;ssl=1 200w\" sizes=\"auto, (max-width: 176px) 100vw, 176px\" \/><\/figure>\n\n\n\n<p>May our thoughts and deeds<br>be a loving contribution<br>for all living beings.<\/p>\n\n\n\n<p>May our thoughts and deeds<br>be a loving contribution<br>to generations yet to come.<\/p>\n\n\n\n<p>W\u00e6s \u00feu h\u00e6l!<\/p>\n","protected":false},"excerpt":{"rendered":"<p>\u00a9 Frigga Asraaf 2022 We call ancient kith and kinof the many traditions and world-views,of the many beliefs and movementson this fine earth: Work together with us, your descendants,so that we and our future generationsmay live in freedom, safety and frith. Embrace all those who suffer from war, violence,persecution and\/or &hellip;<\/p>\n","protected":false},"author":2,"featured_media":0,"parent":93,"menu_order":4,"comment_status":"closed","ping_status":"closed","template":"","meta":{"footnotes":""},"class_list":["post-214","page","type-page","status-publish","hentry"],"jetpack_sharing_enabled":true,"_links":{"self":[{"href":"https:\/\/flameoffrith.org\/index.php\/wp-json\/wp\/v2\/pages\/214","targetHints":{"allow":["GET"]}}],"collection":[{"href":"https:\/\/flameoffrith.org\/index.php\/wp-json\/wp\/v2\/pages"}],"about":[{"href":"https:\/\/flameoffrith.org\/index.php\/wp-json\/wp\/v2\/types\/page"}],"author":[{"embeddable":true,"href":"https:\/\/flameoffrith.org\/index.php\/wp-json\/wp\/v2\/users\/2"}],"replies":[{"embeddable":true,"href":"https:\/\/flameoffrith.org\/index.php\/wp-json\/wp\/v2\/comments?post=214"}],"version-history":[{"count":2,"href":"https:\/\/flameoffrith.org\/index.php\/wp-json\/wp\/v2\/pages\/214\/revisions"}],"predecessor-version":[{"id":263,"href":"https:\/\/flameoffrith.org\/index.php\/wp-json\/wp\/v2\/pages\/214\/revisions\/263"}],"up":[{"embeddable":true,"href":"https:\/\/flameoffrith.org\/index.php\/wp-json\/wp\/v2\/pages\/93"}],"wp:attachment":[{"href":"https:\/\/flameoffrith.org\/index.php\/wp-json\/wp\/v2\/media?parent=214"}],"curies":[{"name":"wp","href":"https:\/\/api.w.org\/{rel}","templated":true}]}}