{"id":774,"date":"2025-05-07T11:21:52","date_gmt":"2025-05-07T10:21:52","guid":{"rendered":"https:\/\/flameoffrith.org\/?page_id=774"},"modified":"2025-05-07T11:27:21","modified_gmt":"2025-05-07T10:27:21","slug":"spiritueller-schildwall","status":"publish","type":"page","link":"https:\/\/flameoffrith.org\/index.php\/spiritueller-schildwall\/","title":{"rendered":"SPIRITUELLER SCHILDWALL"},"content":{"rendered":"\n<p class=\"has-text-align-center\"><strong>Schlie\u00df dich uns an \u2013 in einem spirituellen und digitalen Schildwall!<br>Gemeinsam schmieden wir Schilde der Inklusion und Vielfalt.\u2028<br>Gemeinsam gestalten wir Schilde der Widerstandskraft und des Aufbegehrens.\u2028<br>Gemeinsam formen wir Schilde des Schutzes und der Solidarit\u00e4t.<\/strong><\/p>\n\n\n\n<p>Gerade jetzt ist es wichtiger denn je, dass wir als Verb\u00fcndete zusammenstehen.\u2028 Durch Akte der Solidarit\u00e4t und Verbundenheit k\u00f6nnen wir Wellen ausl\u00f6sen, die nach au\u00dfen wirken und Ver\u00e4nderung ansto\u00dfen. In einer Welt, die zunehmend instabil und unsicher erscheint, ringen viele von uns um innere Balance \u2013 versuchen herauszufinden, wo sie stehen, und f\u00fchlen sich dabei oft \u00fcberw\u00e4ltigt von Angst, Sorge, Wut und einem tiefen Gef\u00fchl von Ungerechtigkeit. F\u00fcr diejenigen am Rand der Gesellschaft ist dieser Kampf noch h\u00e4rter, denn die bestehenden Strukturen bieten oft keinen ausreichenden Schutz. Angesichts des Unbekannten ist es ein Akt der Widerstandskraft \u2013 und auch eine stille Rebellion \u2013, wenn wir einfach zusammenkommen. Ob digital oder im echten Leben.<\/p>\n\n\n\n<p>Wir k\u00f6nnen uns dem Wissen unserer Ahnen zuwenden, auch wenn sie sich nie genau denselben Herausforderungen stellen mussten wie wir heute \u2013 seien es die \u00f6kologische Krise oder der zunehmende Druck auf hart erk\u00e4mpfte Freiheiten. Und doch kannten sie Entbehrung, Widerstandskraft und Durchhalteverm\u00f6gen. Ihr Wissen und ihre Lebensweisheit k\u00f6nnen uns weiterhin st\u00e4rken, w\u00e4hrend wir unseren Weg durch eine unsichere Welt suchen. Wir k\u00f6nnen sie um F\u00fchrung bitten, wenn wir nach der Kraft in uns selbst suchen, um uns immer wieder f\u00fcr den Frieden zu entscheiden, f\u00fcr Toleranz, Neugier, Nachhaltigkeit, Empathie, Geduld und G\u00fcte.<\/p>\n\n\n<div class=\"wp-block-image\">\n<figure class=\"aligncenter size-large is-resized\"><img data-recalc-dims=\"1\" loading=\"lazy\" decoding=\"async\" width=\"1024\" height=\"1024\" src=\"https:\/\/i0.wp.com\/flameoffrith.org\/wp-content\/uploads\/2025\/03\/IMG_6310-modified1.png?resize=1024%2C1024\" alt=\"\" class=\"wp-image-697\" style=\"width:180px\" srcset=\"https:\/\/i0.wp.com\/flameoffrith.org\/wp-content\/uploads\/2025\/03\/IMG_6310-modified1.png?resize=1024%2C1024&amp;ssl=1 1024w, https:\/\/i0.wp.com\/flameoffrith.org\/wp-content\/uploads\/2025\/03\/IMG_6310-modified1.png?resize=300%2C300&amp;ssl=1 300w, https:\/\/i0.wp.com\/flameoffrith.org\/wp-content\/uploads\/2025\/03\/IMG_6310-modified1.png?resize=150%2C150&amp;ssl=1 150w, https:\/\/i0.wp.com\/flameoffrith.org\/wp-content\/uploads\/2025\/03\/IMG_6310-modified1.png?resize=768%2C768&amp;ssl=1 768w, https:\/\/i0.wp.com\/flameoffrith.org\/wp-content\/uploads\/2025\/03\/IMG_6310-modified1.png?resize=1536%2C1536&amp;ssl=1 1536w, https:\/\/i0.wp.com\/flameoffrith.org\/wp-content\/uploads\/2025\/03\/IMG_6310-modified1.png?resize=2048%2C2048&amp;ssl=1 2048w, https:\/\/i0.wp.com\/flameoffrith.org\/wp-content\/uploads\/2025\/03\/IMG_6310-modified1.png?resize=200%2C200&amp;ssl=1 200w\" sizes=\"auto, (max-width: 1024px) 100vw, 1024px\" \/><\/figure>\n<\/div>\n\n\n<p>Die Geister der Ahnen erinnern uns an die Kraft der Gemeinschaft, an die Bedeutung von Zusammenhalt und Schutz in Zeiten der Krise. Fr\u00fcher waren Siedlungen oft von einer Hecke umgeben \u2013 einer dichten, lebendigen Barriere aus Pflanzen. Eine solche Umfriedung kann als Sinnbild dienen f\u00fcr den kollektiven Schutz einer Gemeinschaft. Lasst uns diese sch\u00fctzende Kraft und Verbundenheit auch heute verk\u00f6rpern. Nicht mit einer Hecke aus \u00c4sten \u2013 sondern mit einer spirituellen Schildhecke.\u2028 Mit all unseren einzigartigen Schilden zeigen wir St\u00e4rke und Entschlossenheit, einander beizustehen.<\/p>\n\n\n\n<blockquote class=\"wp-block-quote is-layout-flow wp-block-quote-is-layout-flow\">\n<p><em>Wir stehen auf den Schultern unserer Ahnen \u2013 und Schulter an Schulter mit\u00ad einander.<br>Nicht nur f\u00fcr uns selbst, sondern auch f\u00fcr jene, deren Weg noch herausfordernder ist.<\/em><\/p>\n<\/blockquote>\n\n\n\n<p>Im Rahmen der \u201cFlamme des Friedens Schildwall-Initiative\u201d (Flame of Frith Shieldwall initiative) wollen wir eine spirituelle Schildmauer im <em>Frithgarth<\/em> zwischen den Welten errichten \u2013 mit G\u00f6ttern, Geistern und Ahnen an unserer Seite. Alle Schilde gemeinsam zeigen unseren k\u00e4mpferischen Geist. Jeder Schild tr\u00e4gt eigene Zeichen \u2013 und ist bereit, gebraucht zu werden. Ein klares Zeichen: Wir stehen zusammen.\u2028 In Entschlossenheit \u2013 und im Schutz f\u00fcreinander.<\/p>\n\n\n\n<p><strong>Werde kreativ \u2013 <\/strong>male, zeichne, sticke, h\u00e4kle, schmiede, stricke, schreibe oder gestalte einen Schild, der deinen Geist und deine Verbundenheit mit unserer lebendigen Gemeinschaft widerspiegelt. Jede einzelne Sch\u00f6pfung ist ein kraftvoller Ausdruck von <em>Frith<\/em> und Verb\u00fcndet-Sein.<\/p>\n\n\n\n<p>Wenn du einen Schild brauchst, nimm dir einen.\u2028Ob um dich f\u00fcr einen Moment dahinter zu bergen oder um ihn erhoben zu tragen \u2013 er wird da sein, wenn du ihn rufst.<\/p>\n\n\n\n<p>Gemeinsam k\u00f6nnen wir eine Zukunft aufbauen, in der jede Person z\u00e4hlt, in der Vielfalt gefeiert wird und Inklusion sowie Solidarit\u00e4t unsere tragenden Kr\u00e4fte sind.<\/p>\n\n\n<div class=\"wp-block-image\">\n<figure class=\"aligncenter size-full is-resized\"><img data-recalc-dims=\"1\" loading=\"lazy\" decoding=\"async\" width=\"510\" height=\"510\" src=\"https:\/\/i0.wp.com\/flameoffrith.org\/wp-content\/uploads\/2025\/03\/FoF-shield.jpg?resize=510%2C510\" alt=\"\" class=\"wp-image-708\" style=\"width:180px\" srcset=\"https:\/\/i0.wp.com\/flameoffrith.org\/wp-content\/uploads\/2025\/03\/FoF-shield.jpg?w=510&amp;ssl=1 510w, https:\/\/i0.wp.com\/flameoffrith.org\/wp-content\/uploads\/2025\/03\/FoF-shield.jpg?resize=300%2C300&amp;ssl=1 300w, https:\/\/i0.wp.com\/flameoffrith.org\/wp-content\/uploads\/2025\/03\/FoF-shield.jpg?resize=150%2C150&amp;ssl=1 150w, https:\/\/i0.wp.com\/flameoffrith.org\/wp-content\/uploads\/2025\/03\/FoF-shield.jpg?resize=200%2C200&amp;ssl=1 200w\" sizes=\"auto, (max-width: 510px) 100vw, 510px\" \/><\/figure>\n<\/div>\n\n\n<p class=\"has-text-align-center\"><br><em>Wenn uns wirklich alle Leben am Herzen liegen,<br>m\u00fcssen wir uns selbst den Spiegel vorhalten<br>\u2013\u2028 und auch einander.<\/em><\/p>\n\n\n\n<p class=\"has-text-align-center\"><em>Wenn uns wirklich alle Leben am Herzen liegen,<br>m\u00fcssen wir unsere Stimmen erheben\u2028 und handeln<br>\u2013 \u2028f\u00fcr jene, deren Leben noch immer weniger z\u00e4hlen als andere:<\/em><\/p>\n\n\n\n<p class=\"has-text-align-center\"><em>#BlackLivesMatter<br>\u2028#IndigenousLivesMatter<br>\u2028#WomenLivesMatter\u2028<br>#LGBTQIA+LivesMatter<br>\u2028#DisabledLivesMatter\u2028<br>#PoorPeopleLivesMatter\u2028<br>#ElderlyLivesMatter\u2028<br>#PeopleWithMentalHealthProblemsMatter\u2028<br>#NeurodivergentLivesMatter\u2028<br>#HomelessPeopleMatter\u2028<br>#WorkingClassLivesMatter<br>#RefugeesAndMigrantLivesMatter<\/em><\/p>\n\n\n\n<p><strong><a href=\"https:\/\/flameoffrith.org\/index.php\/mitmachen-so-gehts\/\" data-type=\"page\" data-id=\"776\">Wie du mitmachen kannst<\/a><\/strong><\/p>\n\n\n\n<p>Wir wenden uns an Heidinnen und pagane Menschen auf der ganzen Welt \u2013 mit einer herzlichen Einladung, Teil einer transformativen Initiative zu werden, die unsere Grundwerte feiert: Inklusion, Vielfalt und gegenseitigen Respekt. Deine Teilnahme kann viele sch\u00f6ne Formen annehmen:<\/p>\n\n\n\n<p><strong>Ritualteilnahme: <\/strong><strong>S<\/strong>ei dabei bei unserem Online-Zusammentreffen am Samstagabend, dem 7. Juni, und verbinde deine Energie mit einem weltweiten Netz gleichgesinnter Seelen.<\/p>\n\n\n\n<p><strong>Schildgestaltung: <\/strong>Gestalte einen pers\u00f6nlichen Schild, der deine Geschichte erz\u00e4hlt. Ob mit traditionellen Handwerkstechniken oder zeitgen\u00f6ssischem kreativen Ausdruck \u2013 dein Schild wird Teil unserer kollektiven Erz\u00e4hlung.<\/p>\n\n\n\n<p><strong>K\u00fcnstlerischer Beitrag: <\/strong>Sende uns eine Zeichnung, ein Foto oder ein digitales Kunstwerk deines Schildes.\u2028Wir m\u00f6chten auch eine digitale Schildmauer schmieden \u2013 ein visuelles und spirituelles Zeugnis f\u00fcr die Widerstandskraft, Kreativit\u00e4t und Verbundenheit unserer Gemeinschaft.\u2028Aus diesen individuellen Beitr\u00e4gen erstellen wir ein Video, das unsere kollektive St\u00e4rke in die Welt tr\u00e4gt.<br><br>Auch Wortschilde sind herzlich willkommen, falls du dich besser in Worten ausdr\u00fccken kannst \u2013 sei es ein Gedicht, eine Kurzgeschichte oder ein Lied.<\/p>\n\n\n\n<p>Bitte sende deinen Beitrag an: [info@flameoffrith.org]<\/p>\n\n\n\n<p>Gemeinsam ehren wir unsere Traditionen, feiern unsere Vielfalt\u2028und stehen vereint \u2013 in Frith und Freundschaft.<\/p>\n","protected":false},"excerpt":{"rendered":"<p>Schlie\u00df dich uns an \u2013 in einem spirituellen und digitalen Schildwall!Gemeinsam schmieden wir Schilde der Inklusion und Vielfalt.\u2028Gemeinsam gestalten wir Schilde der Widerstandskraft und des Aufbegehrens.\u2028Gemeinsam formen wir Schilde des Schutzes und der Solidarit\u00e4t. Gerade jetzt ist es wichtiger denn je, dass wir als Verb\u00fcndete zusammenstehen.\u2028 Durch Akte der Solidarit\u00e4t &hellip;<\/p>\n","protected":false},"author":2,"featured_media":0,"parent":0,"menu_order":0,"comment_status":"closed","ping_status":"closed","template":"","meta":{"footnotes":""},"class_list":["post-774","page","type-page","status-publish","hentry"],"jetpack_sharing_enabled":true,"_links":{"self":[{"href":"https:\/\/flameoffrith.org\/index.php\/wp-json\/wp\/v2\/pages\/774","targetHints":{"allow":["GET"]}}],"collection":[{"href":"https:\/\/flameoffrith.org\/index.php\/wp-json\/wp\/v2\/pages"}],"about":[{"href":"https:\/\/flameoffrith.org\/index.php\/wp-json\/wp\/v2\/types\/page"}],"author":[{"embeddable":true,"href":"https:\/\/flameoffrith.org\/index.php\/wp-json\/wp\/v2\/users\/2"}],"replies":[{"embeddable":true,"href":"https:\/\/flameoffrith.org\/index.php\/wp-json\/wp\/v2\/comments?post=774"}],"version-history":[{"count":2,"href":"https:\/\/flameoffrith.org\/index.php\/wp-json\/wp\/v2\/pages\/774\/revisions"}],"predecessor-version":[{"id":782,"href":"https:\/\/flameoffrith.org\/index.php\/wp-json\/wp\/v2\/pages\/774\/revisions\/782"}],"wp:attachment":[{"href":"https:\/\/flameoffrith.org\/index.php\/wp-json\/wp\/v2\/media?parent=774"}],"curies":[{"name":"wp","href":"https:\/\/api.w.org\/{rel}","templated":true}]}}